{"id":220,"date":"2025-02-24T10:30:02","date_gmt":"2025-02-24T10:30:02","guid":{"rendered":"https:\/\/bandsolid.cloudmaple.com\/my-account-2\/"},"modified":"2026-02-24T13:55:57","modified_gmt":"2026-02-24T13:55:57","slug":"user-account","status":"publish","type":"page","link":"https:\/\/shop0999.cloudmaple.com\/en\/user-account\/","title":{"rendered":"User account"},"content":{"rendered":"\t\t<div data-elementor-type=\"wp-page\" data-elementor-id=\"220\" class=\"elementor elementor-220\" data-elementor-post-type=\"page\">\n\t\t\t\t<div data-particle_enable=\"false\" data-particle-mobile-disabled=\"false\" class=\"elementor-element elementor-element-ec36512 e-flex e-con-boxed e-con e-parent\" data-id=\"ec36512\" data-element_type=\"container\" data-settings=\"{&quot;background_background&quot;:&quot;classic&quot;}\">\n\t\t\t\t\t<div class=\"e-con-inner\">\n\t\t\t\t<div class=\"elementor-element elementor-element-c458880 elementor-widget elementor-widget-heading\" data-id=\"c458880\" data-element_type=\"widget\" data-widget_type=\"heading.default\">\n\t\t\t\t<div class=\"elementor-widget-container\">\n\t\t\t\t\t<h2 class=\"elementor-heading-title elementor-size-default\">User account<\/h2>\t\t\t\t<\/div>\n\t\t\t\t<\/div>\n\t\t\t\t\t<\/div>\n\t\t\t\t<\/div>\n\t\t<div data-particle_enable=\"false\" data-particle-mobile-disabled=\"false\" class=\"elementor-element elementor-element-33b00ce0 e-flex e-con-boxed e-con e-parent\" data-id=\"33b00ce0\" data-element_type=\"container\">\n\t\t\t\t\t<div class=\"e-con-inner\">\n\t\t\t\t<div class=\"elementor-element elementor-element-bdb3b0e elementor-widget elementor-widget-eael-woo-account-dashboard\" data-id=\"bdb3b0e\" data-element_type=\"widget\" data-settings=\"{&quot;eael_account_dashboard_table_header_column_alignment&quot;:&quot;left&quot;,&quot;eael_account_dashboard_table_body_column_alignment&quot;:&quot;left&quot;}\" data-widget_type=\"eael-woo-account-dashboard.default\">\n\t\t\t\t<div class=\"elementor-widget-container\">\n\t\t\t\t\t\n        <div class=\"eael-account-dashboard-wrap\">\n            <div class=\"eael-account-dashboard-wrapper preset-2\">\n    <div class=\"eael-account-dashboard-body\">\n        <div class=\"eael-account-dashboard-container\">\n            \t\t<div class=\"eael-account-dashboard-navbar eael-d-none\">\n\t\t\t\n<nav class=\"woocommerce-MyAccount-navigation\" aria-label=\"Account pages\">\n\t<ul>\n\t\t\t\t\t<li class=\"woocommerce-MyAccount-navigation-link woocommerce-MyAccount-navigation-link--dashboard\">\n\t\t\t\t<a href=\"https:\/\/shop0999.cloudmaple.com\/en\/user-account\/\" >\n\t\t\t\t\tDashboard\t\t\t\t<\/a>\n\t\t\t<\/li>\n\t\t\t\t\t<li class=\"woocommerce-MyAccount-navigation-link woocommerce-MyAccount-navigation-link--orders\">\n\t\t\t\t<a href=\"https:\/\/shop0999.cloudmaple.com\/en\/user-account\/orders\/\" >\n\t\t\t\t\tOrders\t\t\t\t<\/a>\n\t\t\t<\/li>\n\t\t\t\t\t<li class=\"woocommerce-MyAccount-navigation-link woocommerce-MyAccount-navigation-link--downloads\">\n\t\t\t\t<a href=\"https:\/\/shop0999.cloudmaple.com\/en\/user-account\/downloads\/\" >\n\t\t\t\t\tDownloads\t\t\t\t<\/a>\n\t\t\t<\/li>\n\t\t\t\t\t<li class=\"woocommerce-MyAccount-navigation-link woocommerce-MyAccount-navigation-link--edit-address\">\n\t\t\t\t<a href=\"https:\/\/shop0999.cloudmaple.com\/en\/user-account\/edit-address\/\" >\n\t\t\t\t\tAddresses\t\t\t\t<\/a>\n\t\t\t<\/li>\n\t\t\t\t\t<li class=\"woocommerce-MyAccount-navigation-link woocommerce-MyAccount-navigation-link--edit-account\">\n\t\t\t\t<a href=\"https:\/\/shop0999.cloudmaple.com\/en\/user-account\/edit-account\/\" >\n\t\t\t\t\tAccount Details\t\t\t\t<\/a>\n\t\t\t<\/li>\n\t\t\t\t\t<li class=\"woocommerce-MyAccount-navigation-link woocommerce-MyAccount-navigation-link--customer-logout\">\n\t\t\t\t<a href=\"https:\/\/shop0999.cloudmaple.com\/en\/user-account\/customer-logout\/?_wpnonce=a0b50e4104\" >\n\t\t\t\t\tLogout\t\t\t\t<\/a>\n\t\t\t<\/li>\n\t\t\t\t\t<li class=\"woocommerce-MyAccount-navigation-link woocommerce-MyAccount-navigation-link--request-quote\">\n\t\t\t\t<a href=\"https:\/\/shop0999.cloudmaple.com\/en\/user-account\/request-quote\/\" >\n\t\t\t\t\tQuotes\t\t\t\t<\/a>\n\t\t\t<\/li>\n\t\t\t\t\t<li class=\"woocommerce-MyAccount-navigation-link woocommerce-MyAccount-navigation-link--tax-exempt\">\n\t\t\t\t<a href=\"https:\/\/shop0999.cloudmaple.com\/en\/user-account\/tax-exempt\/\" >\n\t\t\t\t\tTax Exemption\t\t\t\t<\/a>\n\t\t\t<\/li>\n\t\t\t\t\t<li class=\"woocommerce-MyAccount-navigation-link woocommerce-MyAccount-navigation-link--vat-number\">\n\t\t\t\t<a href=\"https:\/\/shop0999.cloudmaple.com\/en\/user-account\/vat-number\/\" >\n\t\t\t\t\tVAT number\t\t\t\t<\/a>\n\t\t\t<\/li>\n\t\t\t<\/ul>\n<\/nav>\n\n\n\t\t\t\t\t<\/div>\n\t\t            \t\t<div class=\"eael-account-dashboard-content\">\n\t\t\t<div class=\"woocommerce\"><div class=\"woocommerce-notices-wrapper\"><\/div>\n\n<div class=\"u-columns col2-set\" id=\"customer_login\">\n\n\t<div class=\"u-column1 col-1\">\n\n\n\t\t<h2>Login<\/h2>\n\n\t\t<form class=\"woocommerce-form woocommerce-form-login login\" method=\"post\" novalidate>\n\n\t\t\t\n\t\t\t<p class=\"woocommerce-form-row woocommerce-form-row--wide form-row form-row-wide\">\n\t\t\t\t<label for=\"username\">Username or email address&nbsp;<span class=\"required\" aria-hidden=\"true\">*<\/span><span class=\"screen-reader-text\">Required<\/span><\/label>\n\t\t\t\t<input type=\"text\" class=\"woocommerce-Input woocommerce-Input--text input-text\" name=\"username\" id=\"username\" autocomplete=\"username\" value=\"\" required aria-required=\"true\" \/>\t\t\t<\/p>\n\t\t\t<p class=\"woocommerce-form-row woocommerce-form-row--wide form-row form-row-wide\">\n\t\t\t\t<label for=\"password\">Password&nbsp;<span class=\"required\" aria-hidden=\"true\">*<\/span><span class=\"screen-reader-text\">Required<\/span><\/label>\n\t\t\t\t<input class=\"woocommerce-Input woocommerce-Input--text input-text\" type=\"password\" name=\"password\" id=\"password\" autocomplete=\"current-password\" required aria-required=\"true\" \/>\n\t\t\t<\/p>\n\n\t\t\t\n\t\t\t<p class=\"form-row\">\n\t\t\t\t<label class=\"woocommerce-form__label woocommerce-form__label-for-checkbox woocommerce-form-login__rememberme\">\n\t\t\t\t\t<input class=\"woocommerce-form__input woocommerce-form__input-checkbox\" name=\"rememberme\" type=\"checkbox\" id=\"rememberme\" value=\"forever\" \/> <span>Remember me<\/span>\n\t\t\t\t<\/label>\n\t\t\t\t<input type=\"hidden\" id=\"woocommerce-login-nonce\" name=\"woocommerce-login-nonce\" value=\"0bb5f1092f\" \/><input type=\"hidden\" name=\"_wp_http_referer\" value=\"\/en\/wp-json\/wp\/v2\/pages\/220\" \/>\t\t\t\t<button type=\"submit\" class=\"woocommerce-button button woocommerce-form-login__submit\" name=\"login\" value=\"Log in\">Log in<\/button>\n\t\t\t<\/p>\n\t\t\t<p class=\"woocommerce-LostPassword lost_password\">\n\t\t\t\t<a href=\"https:\/\/shop0999.cloudmaple.com\/en\/user-account\/lost-password\/\">Lost your password?<\/a>\n\t\t\t<\/p>\n\n\t\t\t\n\t\t<\/form>\n\n\n\t<\/div>\n\n\t<div class=\"u-column2 col-2\">\n\n\t\t<h2>Register<\/h2>\n\n\t\t<form method=\"post\" class=\"woocommerce-form woocommerce-form-register register\"  >\n\n\t\t\t<input type=\"hidden\" id=\"afreg_nonce_field\" name=\"afreg_nonce_field\" value=\"25ce1004f4\" \/><input type=\"hidden\" name=\"_wp_http_referer\" value=\"\/en\/wp-json\/wp\/v2\/pages\/220\" \/>\n\t\t\t\n\t\t\t<p class=\"woocommerce-form-row woocommerce-form-row--wide form-row form-row-wide\">\n\t\t\t\t<label for=\"reg_email\">Email address&nbsp;<span class=\"required\" aria-hidden=\"true\">*<\/span><span class=\"screen-reader-text\">Required<\/span><\/label>\n\t\t\t\t<input type=\"email\" class=\"woocommerce-Input woocommerce-Input--text input-text\" name=\"email\" id=\"reg_email\" autocomplete=\"email\" value=\"\" required aria-required=\"true\" \/>\t\t\t<\/p>\n\n\t\t\t\n\t\t\t\t<p class=\"woocommerce-form-row woocommerce-form-row--wide form-row form-row-wide\">\n\t\t\t\t\t<label for=\"reg_password\">Password&nbsp;<span class=\"required\" aria-hidden=\"true\">*<\/span><span class=\"screen-reader-text\">Required<\/span><\/label>\n\t\t\t\t\t<input type=\"password\" class=\"woocommerce-Input woocommerce-Input--text input-text\" name=\"password\" id=\"reg_password\" autocomplete=\"new-password\" required aria-required=\"true\" \/>\n\t\t\t\t<\/p>\n\n\t\t\t\n\t\t\t\n\t\t\t<div class=\"afreg_extra_fields\">\n\t\t\t\t<h3><\/h3>\n\n\t\t\t\t<input type=\"hidden\" id=\"afreg_nonce_field\" name=\"afreg_nonce_field\" value=\"25ce1004f4\" \/><input type=\"hidden\" name=\"_wp_http_referer\" value=\"\/en\/wp-json\/wp\/v2\/pages\/220\" \/>\n\t\t\t\t\n\t\t\t\t\t\t\t<p class=\"af-dependable-field form-row form-row-wide newr\" id=\"afreg_additionalshowhide_2876\">\n\t\t\t\t\t\t\t\t<label for=\"afreg_additional_2876\">\n\t\t\t\t\t\t\t\t\tCompany\t\t\t\t\t\t\t\t\t<span class=\"required\">\n\t\t\t\t\t\t\t\t\t\t\t\t\t\t\t\t\t\t\t\t\t *\t\t\t\t\t\t\t\t\t<\/span>\n\t\t\t\t\t\t\t\t<\/label>\n\t\t\t\t\t\t\t\t<input type=\"text\" class=\" afreg_additional_2876 input-text \n\t\t\t\t\t\t\t\t\t\t\t\t\t\t\t\t\" name=\"afreg_additional_2876\" id=\"afreg_additional_2876\" value=\"\" placeholder=\"\" \/>\n\t\t\t\t\t\t\t\t\t\t\t\t\t\t\t<\/p>\n\n\t\t\t\t\t\t\n\t\t\t\t\t\t<!-- Dependable -->\n\t\t\t\t\t\t\n\n\t\t\t\t\t\t\n\t\t\t\t\t\t\t<p class=\"af-dependable-field form-row form-row-wide newr\" id=\"afreg_additionalshowhide_2480\">\n\t\t\t\t\t\t\t\t<label for=\"afreg_additional_2480\">\n\t\t\t\t\t\t\t\t\tVAT number\t\t\t\t\t\t\t\t\t<span class=\"required\">\n\t\t\t\t\t\t\t\t\t\t\t\t\t\t\t\t\t\t\t\t\t *\t\t\t\t\t\t\t\t\t<\/span>\n\t\t\t\t\t\t\t\t<\/label>\n\t\t\t\t\t\t\t\t<input type=\"text\" class=\" afreg_additional_2480 input-text \n\t\t\t\t\t\t\t\t\t\t\t\t\t\t\t\t\" name=\"afreg_additional_2480\" id=\"afreg_additional_2480\" value=\"\" placeholder=\"\" \/>\n\t\t\t\t\t\t\t\t\t\t\t\t\t\t\t<\/p>\n\n\t\t\t\t\t\t\n\t\t\t\t\t\t<!-- Dependable -->\n\t\t\t\t\t\t\n\n\t\t\t\t\t\t\t\t\t<\/div>\n\n\t\t\t<wc-order-attribution-inputs><\/wc-order-attribution-inputs><div class=\"woocommerce-privacy-policy-text\"><p>Ihre pers\u00f6nlichen Daten werden zur Bearbeitung Ihrer Bestellung, zur Unterst\u00fctzung Ihrer Erfahrungen auf dieser Website und f\u00fcr andere in unserer <a href=\"\" class=\"woocommerce-privacy-policy-link\" target=\"_blank\">privacy policy<\/a> beschrieben sind.<\/p>\n<\/div>\n\t\t\t<p class=\"woocommerce-form-row form-row\">\n\t\t\t\t<input type=\"hidden\" id=\"woocommerce-register-nonce\" name=\"woocommerce-register-nonce\" value=\"5eb3803937\" \/><input type=\"hidden\" name=\"_wp_http_referer\" value=\"\/en\/wp-json\/wp\/v2\/pages\/220\" \/>\t\t\t\t<button type=\"submit\" class=\"woocommerce-Button woocommerce-button button woocommerce-form-register__submit\" name=\"register\" value=\"Register\">Register<\/button>\n\t\t\t<\/p>\n\n\t\t\t\n\t\t<\/form>\n\n\t<\/div>\n\n<\/div>\n\n<\/div>\t\t<\/div>\n\t\t        <\/div>\n    <\/div>\n<\/div>        <\/div>\n\n\t\t\t\t\t\t<\/div>\n\t\t\t\t<\/div>\n\t\t\t\t\t<\/div>\n\t\t\t\t<\/div>\n\t\t\t\t<\/div>\n\t\t","protected":false},"excerpt":{"rendered":"<p>Dashboard Orders Downloads Addresses Account Details Logout VAT number admin Dashboard Orders Downloads Addresses Account Details Logout VAT number Hello admin (not admin? Log out) From your account dashboard you can view your recent orders, manage your shipping and billing addresses, and edit your password and account details.<\/p>\n","protected":false},"author":1,"featured_media":0,"parent":0,"menu_order":0,"comment_status":"closed","ping_status":"closed","template":"elementor_header_footer","meta":{"_acf_changed":false,"inline_featured_image":false,"site-sidebar-layout":"default","site-content-layout":"","ast-site-content-layout":"full-width-container","site-content-style":"default","site-sidebar-style":"default","ast-global-header-display":"","ast-banner-title-visibility":"","ast-main-header-display":"","ast-hfb-above-header-display":"","ast-hfb-below-header-display":"","ast-hfb-mobile-header-display":"","site-post-title":"","ast-breadcrumbs-content":"","ast-featured-img":"","footer-sml-layout":"","ast-disable-related-posts":"","theme-transparent-header-meta":"","adv-header-id-meta":"","stick-header-meta":"","header-above-stick-meta":"","header-main-stick-meta":"","header-below-stick-meta":"","astra-migrate-meta-layouts":"set","ast-page-background-enabled":"default","ast-page-background-meta":{"desktop":{"background-color":"","background-image":"","background-repeat":"repeat","background-position":"center center","background-size":"auto","background-attachment":"scroll","background-type":"","background-media":"","overlay-type":"","overlay-color":"","overlay-opacity":"","overlay-gradient":""},"tablet":{"background-color":"","background-image":"","background-repeat":"repeat","background-position":"center center","background-size":"auto","background-attachment":"scroll","background-type":"","background-media":"","overlay-type":"","overlay-color":"","overlay-opacity":"","overlay-gradient":""},"mobile":{"background-color":"","background-image":"","background-repeat":"repeat","background-position":"center center","background-size":"auto","background-attachment":"scroll","background-type":"","background-media":"","overlay-type":"","overlay-color":"","overlay-opacity":"","overlay-gradient":""}},"ast-content-background-meta":{"desktop":{"background-color":"var(--ast-global-color-5)","background-image":"","background-repeat":"repeat","background-position":"center center","background-size":"auto","background-attachment":"scroll","background-type":"","background-media":"","overlay-type":"","overlay-color":"","overlay-opacity":"","overlay-gradient":""},"tablet":{"background-color":"var(--ast-global-color-5)","background-image":"","background-repeat":"repeat","background-position":"center center","background-size":"auto","background-attachment":"scroll","background-type":"","background-media":"","overlay-type":"","overlay-color":"","overlay-opacity":"","overlay-gradient":""},"mobile":{"background-color":"var(--ast-global-color-5)","background-image":"","background-repeat":"repeat","background-position":"center center","background-size":"auto","background-attachment":"scroll","background-type":"","background-media":"","overlay-type":"","overlay-color":"","overlay-opacity":"","overlay-gradient":""}},"footnotes":""},"class_list":["post-220","page","type-page","status-publish","hentry"],"acf":[],"yoast_head":"<!-- This site is optimized with the Yoast SEO plugin v27.0 - https:\/\/yoast.com\/product\/yoast-seo-wordpress\/ -->\n<title>User account - Bandsolid Filters<\/title>\n<meta name=\"robots\" content=\"noindex, follow, max-snippet:-1, max-image-preview:large, max-video-preview:-1\" \/>\n<meta property=\"og:locale\" content=\"en_US\" \/>\n<meta property=\"og:type\" content=\"article\" \/>\n<meta property=\"og:title\" content=\"User account - Bandsolid Filters\" \/>\n<meta property=\"og:description\" content=\"Dashboard Orders Downloads Addresses Account Details Logout VAT number admin Dashboard Orders Downloads Addresses Account Details Logout VAT number Hello admin (not admin? Log out) From your account dashboard you can view your recent orders, manage your shipping and billing addresses, and edit your password and account details.\" \/>\n<meta property=\"og:url\" content=\"https:\/\/shop0999.cloudmaple.com\/en\/user-account\/\" \/>\n<meta property=\"og:site_name\" content=\"Bandsolid Filters\" \/>\n<meta property=\"article:modified_time\" content=\"2026-02-24T13:55:57+00:00\" \/>\n<meta name=\"twitter:card\" content=\"summary_large_image\" \/>\n<meta name=\"twitter:label1\" content=\"Est. reading time\" \/>\n\t<meta name=\"twitter:data1\" content=\"1 minute\" \/>\n<script type=\"application\/ld+json\" class=\"yoast-schema-graph\">{\"@context\":\"https:\/\/schema.org\",\"@graph\":[{\"@type\":\"WebPage\",\"@id\":\"https:\/\/shop0999.cloudmaple.com\/en\/user-account\/\",\"url\":\"https:\/\/shop0999.cloudmaple.com\/en\/user-account\/\",\"name\":\"User account - Bandsolid Filters\",\"isPartOf\":{\"@id\":\"https:\/\/shop0999.cloudmaple.com\/en\/#website\"},\"datePublished\":\"2025-02-24T10:30:02+00:00\",\"dateModified\":\"2026-02-24T13:55:57+00:00\",\"breadcrumb\":{\"@id\":\"https:\/\/shop0999.cloudmaple.com\/en\/user-account\/#breadcrumb\"},\"inLanguage\":\"en-US\",\"potentialAction\":[{\"@type\":\"ReadAction\",\"target\":[\"https:\/\/shop0999.cloudmaple.com\/en\/user-account\/\"]}]},{\"@type\":\"BreadcrumbList\",\"@id\":\"https:\/\/shop0999.cloudmaple.com\/en\/user-account\/#breadcrumb\",\"itemListElement\":[{\"@type\":\"ListItem\",\"position\":1,\"name\":\"Home\",\"item\":\"https:\/\/shop0999.cloudmaple.com\/en\/\"},{\"@type\":\"ListItem\",\"position\":2,\"name\":\"User account\"}]},{\"@type\":\"WebSite\",\"@id\":\"https:\/\/shop0999.cloudmaple.com\/en\/#website\",\"url\":\"https:\/\/shop0999.cloudmaple.com\/en\/\",\"name\":\"Bandsolid Filters\",\"description\":\"\",\"publisher\":{\"@id\":\"https:\/\/shop0999.cloudmaple.com\/en\/#organization\"},\"potentialAction\":[{\"@type\":\"SearchAction\",\"target\":{\"@type\":\"EntryPoint\",\"urlTemplate\":\"https:\/\/shop0999.cloudmaple.com\/en\/?s={search_term_string}\"},\"query-input\":{\"@type\":\"PropertyValueSpecification\",\"valueRequired\":true,\"valueName\":\"search_term_string\"}}],\"inLanguage\":\"en-US\"},{\"@type\":\"Organization\",\"@id\":\"https:\/\/shop0999.cloudmaple.com\/en\/#organization\",\"name\":\"Bandsolid Filters\",\"url\":\"https:\/\/shop0999.cloudmaple.com\/en\/\",\"logo\":{\"@type\":\"ImageObject\",\"inLanguage\":\"en-US\",\"@id\":\"https:\/\/shop0999.cloudmaple.com\/en\/#\/schema\/logo\/image\/\",\"url\":\"https:\/\/shop0999.cloudmaple.com\/wp-content\/uploads\/2025\/04\/bandsolid-karntennetz-logo-v4.png\",\"contentUrl\":\"https:\/\/shop0999.cloudmaple.com\/wp-content\/uploads\/2025\/04\/bandsolid-karntennetz-logo-v4.png\",\"width\":387,\"height\":61,\"caption\":\"Bandsolid Filters\"},\"image\":{\"@id\":\"https:\/\/shop0999.cloudmaple.com\/en\/#\/schema\/logo\/image\/\"}}]}<\/script>\n<!-- \/ Yoast SEO plugin. -->","yoast_head_json":{"title":"User account - Bandsolid Filters","robots":{"index":"noindex","follow":"follow","max-snippet":"max-snippet:-1","max-image-preview":"max-image-preview:large","max-video-preview":"max-video-preview:-1"},"og_locale":"en_US","og_type":"article","og_title":"User account - Bandsolid Filters","og_description":"Dashboard Orders Downloads Addresses Account Details Logout VAT number admin Dashboard Orders Downloads Addresses Account Details Logout VAT number Hello admin (not admin? Log out) From your account dashboard you can view your recent orders, manage your shipping and billing addresses, and edit your password and account details.","og_url":"https:\/\/shop0999.cloudmaple.com\/en\/user-account\/","og_site_name":"Bandsolid Filters","article_modified_time":"2026-02-24T13:55:57+00:00","twitter_card":"summary_large_image","twitter_misc":{"Est. reading time":"1 minute"},"schema":{"@context":"https:\/\/schema.org","@graph":[{"@type":"WebPage","@id":"https:\/\/shop0999.cloudmaple.com\/en\/user-account\/","url":"https:\/\/shop0999.cloudmaple.com\/en\/user-account\/","name":"User account - Bandsolid Filters","isPartOf":{"@id":"https:\/\/shop0999.cloudmaple.com\/en\/#website"},"datePublished":"2025-02-24T10:30:02+00:00","dateModified":"2026-02-24T13:55:57+00:00","breadcrumb":{"@id":"https:\/\/shop0999.cloudmaple.com\/en\/user-account\/#breadcrumb"},"inLanguage":"en-US","potentialAction":[{"@type":"ReadAction","target":["https:\/\/shop0999.cloudmaple.com\/en\/user-account\/"]}]},{"@type":"BreadcrumbList","@id":"https:\/\/shop0999.cloudmaple.com\/en\/user-account\/#breadcrumb","itemListElement":[{"@type":"ListItem","position":1,"name":"Home","item":"https:\/\/shop0999.cloudmaple.com\/en\/"},{"@type":"ListItem","position":2,"name":"User account"}]},{"@type":"WebSite","@id":"https:\/\/shop0999.cloudmaple.com\/en\/#website","url":"https:\/\/shop0999.cloudmaple.com\/en\/","name":"Bandsolid Filters","description":"","publisher":{"@id":"https:\/\/shop0999.cloudmaple.com\/en\/#organization"},"potentialAction":[{"@type":"SearchAction","target":{"@type":"EntryPoint","urlTemplate":"https:\/\/shop0999.cloudmaple.com\/en\/?s={search_term_string}"},"query-input":{"@type":"PropertyValueSpecification","valueRequired":true,"valueName":"search_term_string"}}],"inLanguage":"en-US"},{"@type":"Organization","@id":"https:\/\/shop0999.cloudmaple.com\/en\/#organization","name":"Bandsolid Filters","url":"https:\/\/shop0999.cloudmaple.com\/en\/","logo":{"@type":"ImageObject","inLanguage":"en-US","@id":"https:\/\/shop0999.cloudmaple.com\/en\/#\/schema\/logo\/image\/","url":"https:\/\/shop0999.cloudmaple.com\/wp-content\/uploads\/2025\/04\/bandsolid-karntennetz-logo-v4.png","contentUrl":"https:\/\/shop0999.cloudmaple.com\/wp-content\/uploads\/2025\/04\/bandsolid-karntennetz-logo-v4.png","width":387,"height":61,"caption":"Bandsolid Filters"},"image":{"@id":"https:\/\/shop0999.cloudmaple.com\/en\/#\/schema\/logo\/image\/"}}]}},"_links":{"self":[{"href":"https:\/\/shop0999.cloudmaple.com\/en\/wp-json\/wp\/v2\/pages\/220","targetHints":{"allow":["GET"]}}],"collection":[{"href":"https:\/\/shop0999.cloudmaple.com\/en\/wp-json\/wp\/v2\/pages"}],"about":[{"href":"https:\/\/shop0999.cloudmaple.com\/en\/wp-json\/wp\/v2\/types\/page"}],"author":[{"embeddable":true,"href":"https:\/\/shop0999.cloudmaple.com\/en\/wp-json\/wp\/v2\/users\/1"}],"replies":[{"embeddable":true,"href":"https:\/\/shop0999.cloudmaple.com\/en\/wp-json\/wp\/v2\/comments?post=220"}],"version-history":[{"count":52,"href":"https:\/\/shop0999.cloudmaple.com\/en\/wp-json\/wp\/v2\/pages\/220\/revisions"}],"predecessor-version":[{"id":2952,"href":"https:\/\/shop0999.cloudmaple.com\/en\/wp-json\/wp\/v2\/pages\/220\/revisions\/2952"}],"wp:attachment":[{"href":"https:\/\/shop0999.cloudmaple.com\/en\/wp-json\/wp\/v2\/media?parent=220"}],"curies":[{"name":"wp","href":"https:\/\/api.w.org\/{rel}","templated":true}]}}